{"id":43,"date":"2013-12-26T13:53:36","date_gmt":"2013-12-26T12:53:36","guid":{"rendered":"http:\/\/www.camping-noirmoutier-frandiere.fr\/?p=43"},"modified":"2024-06-03T18:09:47","modified_gmt":"2024-06-03T17:09:47","slug":"acces","status":"publish","type":"page","link":"https:\/\/www.camping-noirmoutier-frandiere.fr\/?page_id=43","title":{"rendered":"Acc\u00e8s"},"content":{"rendered":"<h3><a href=\"https:\/\/www.camping-noirmoutier-frandiere.fr\/wp-content\/uploads\/2013\/12\/IMG_20190611_220438.jpg\"><img loading=\"lazy\" decoding=\"async\" class=\"wp-image-769 aligncenter\" src=\"https:\/\/www.camping-noirmoutier-frandiere.fr\/wp-content\/uploads\/2013\/12\/IMG_20190611_220438.jpg\" alt=\"IMG_20190611_220438\" width=\"771\" height=\"578\" srcset=\"https:\/\/www.camping-noirmoutier-frandiere.fr\/wp-content\/uploads\/2013\/12\/IMG_20190611_220438.jpg 4608w, https:\/\/www.camping-noirmoutier-frandiere.fr\/wp-content\/uploads\/2013\/12\/IMG_20190611_220438-300x225.jpg 300w, https:\/\/www.camping-noirmoutier-frandiere.fr\/wp-content\/uploads\/2013\/12\/IMG_20190611_220438-1024x768.jpg 1024w\" sizes=\"auto, (max-width: 771px) 100vw, 771px\" \/><\/a><\/h3>\n<h3>\u00a0 \u00a0 \u00a0 \u00a0 \u00a0 \u00a0 \u00a0 \u00a0 \u00a0 \u00a0 \u00a0 \u00a0 \u00a0 \u00a0 \u00a0 \u00a0 \u00a0 \u00a0 \u00a0 \u00a0 \u00a0 \u00a0 \u00a0 \u00a0 \u00a0 <span style=\"color: #008080;\"><em><strong>La Plage \u00e0 450 m du camping<\/strong><\/em><\/span><\/h3>\n<h3><span style=\"color: #ff6600;\"><strong><span style=\"color: #c45d18;\">Camping La Frandi\u00e8re &#8211; 9 rue de l&rsquo;angle &#8211;\u00a0<\/span><\/strong><\/span><span style=\"color: #c45d18;\"><strong>85630 Barb\u00e2tre &#8211; Ile de Noirmoutier<\/strong><\/span><\/h3>\n<h3><span style=\"color: #000000;\">L\u2019ile de Noirmoutier se situe \u00e0\u00a0<strong>80 km environ au sud de Nantes<\/strong>\u00a0et est accessible par un pont gratuit ou par le c\u00e9l\u00e8bre\u00a0<strong>passage du Gois<\/strong>\u00a0(route submersible qui peut \u00eatre travers\u00e9e \u00e0 chaque mar\u00e9e basse).<\/span><\/h3>\n<h3><span style=\"color: #000000;\">La gare et l\u2019a\u00e9roport les plus proches se situent \u00e0 Nantes. Un service d&rsquo;autocars, mis \u00e0 disposition par la SNCF, propose plusieurs liaisons quotidiennes entre la gare SNCF de Nantes et la gare routi\u00e8re de Noirmoutier. (dur\u00e9e du trajet 1h15).<\/span><\/h3>\n<h3><span style=\"color: #000000;\">Barb\u00e2tre dispose d&rsquo;un arr\u00eat sur cette ligne au rondpoint du Gois situ\u00e9 \u00e0 l&rsquo;entr\u00e9e de la commune \u00e0 environ 3km du camping.<\/span><\/h3>\n","protected":false},"excerpt":{"rendered":"<p>\u00a0 \u00a0 \u00a0 \u00a0 \u00a0 \u00a0 \u00a0 \u00a0 \u00a0 \u00a0 \u00a0 \u00a0 \u00a0 \u00a0 \u00a0 \u00a0 \u00a0 \u00a0 \u00a0 \u00a0 \u00a0 \u00a0 \u00a0 \u00a0 \u00a0 La Plage \u00e0 450 m du camping Camping La Frandi\u00e8re &#8211; 9 rue de l&rsquo;angle &#8211;\u00a085630 Barb\u00e2tre &#8211; Ile de Noirmoutier L\u2019ile de Noirmoutier se situe \u00e0\u00a080 km environ au [&hellip;]<\/p>\n","protected":false},"author":1,"featured_media":0,"parent":0,"menu_order":0,"comment_status":"open","ping_status":"open","template":"","meta":{"footnotes":""},"class_list":["post-43","page","type-page","status-publish","hentry"],"_links":{"self":[{"href":"https:\/\/www.camping-noirmoutier-frandiere.fr\/index.php?rest_route=\/wp\/v2\/pages\/43","targetHints":{"allow":["GET"]}}],"collection":[{"href":"https:\/\/www.camping-noirmoutier-frandiere.fr\/index.php?rest_route=\/wp\/v2\/pages"}],"about":[{"href":"https:\/\/www.camping-noirmoutier-frandiere.fr\/index.php?rest_route=\/wp\/v2\/types\/page"}],"author":[{"embeddable":true,"href":"https:\/\/www.camping-noirmoutier-frandiere.fr\/index.php?rest_route=\/wp\/v2\/users\/1"}],"replies":[{"embeddable":true,"href":"https:\/\/www.camping-noirmoutier-frandiere.fr\/index.php?rest_route=%2Fwp%2Fv2%2Fcomments&post=43"}],"version-history":[{"count":18,"href":"https:\/\/www.camping-noirmoutier-frandiere.fr\/index.php?rest_route=\/wp\/v2\/pages\/43\/revisions"}],"predecessor-version":[{"id":1448,"href":"https:\/\/www.camping-noirmoutier-frandiere.fr\/index.php?rest_route=\/wp\/v2\/pages\/43\/revisions\/1448"}],"wp:attachment":[{"href":"https:\/\/www.camping-noirmoutier-frandiere.fr\/index.php?rest_route=%2Fwp%2Fv2%2Fmedia&parent=43"}],"curies":[{"name":"wp","href":"https:\/\/api.w.org\/{rel}","templated":true}]}}