{"id":352,"date":"2014-05-11T14:54:34","date_gmt":"2014-05-11T13:54:34","guid":{"rendered":"http:\/\/www.camping-noirmoutier-frandiere.fr\/?page_id=352"},"modified":"2022-08-25T11:00:26","modified_gmt":"2022-08-25T10:00:26","slug":"a-faire-sur-lile","status":"publish","type":"page","link":"https:\/\/www.camping-noirmoutier-frandiere.fr\/?page_id=352","title":{"rendered":"A faire sur l&rsquo;Ile"},"content":{"rendered":"<h3>Le meilleur moyen de d\u00e9couvrir l&rsquo;\u00eele est le v\u00e9lo ou la marche \u00e0 pied. L&rsquo;\u00eele dispose en effet de 80 km de pistes cyclables\u00a0et\u00a0compte environ 50 km de sentiers p\u00e9destres balis\u00e9s.<\/h3>\n<h3><\/h3>\n<p>&nbsp;<\/p>\n<h3><span style=\"color: #000000;\">Vous trouverez \u00e9galement une offre tr\u00e8s riche d\u2019infrastructures de loisirs ou sportives.<\/span><\/h3>\n<p>&nbsp;<\/p>\n<h4>Ecoles de voile, Kite surf, Char \u00e0 voile, Plong\u00e9e, Promenades en mer, Promenades \u00e0 cheval, Aquarium, Mus\u00e9es, Marais salants, March\u00e9s, P\u00eache \u00e0 pied, P\u00eache au surfcasting,&#8230;.<\/h4>\n<h4><\/h4>\n<p>&nbsp;<\/p>\n<h3><span style=\"color: #000000;\">Profitez \u00e9galement de\u00a0<strong>vos vacances \u00e0 Noirmoutier<\/strong>\u00a0pour passer une journ\u00e9e \u00e0\u00a0<strong>l&rsquo;\u00eele d&rsquo;Yeu<\/strong><b>\u00a0<\/b>et d\u00e9couvrir une autre \u00eele authentique et pr\u00e9serv\u00e9e.<\/span><\/h3>\n","protected":false},"excerpt":{"rendered":"<p>Le meilleur moyen de d\u00e9couvrir l&rsquo;\u00eele est le v\u00e9lo ou la marche \u00e0 pied. L&rsquo;\u00eele dispose en effet de 80 km de pistes cyclables\u00a0et\u00a0compte environ 50 km de sentiers p\u00e9destres balis\u00e9s. &nbsp; Vous trouverez \u00e9galement une offre tr\u00e8s riche d\u2019infrastructures de loisirs ou sportives. &nbsp; Ecoles de voile, Kite surf, Char \u00e0 voile, Plong\u00e9e, Promenades [&hellip;]<\/p>\n","protected":false},"author":1,"featured_media":0,"parent":0,"menu_order":0,"comment_status":"open","ping_status":"open","template":"","meta":{"footnotes":""},"class_list":["post-352","page","type-page","status-publish","hentry"],"_links":{"self":[{"href":"https:\/\/www.camping-noirmoutier-frandiere.fr\/index.php?rest_route=\/wp\/v2\/pages\/352","targetHints":{"allow":["GET"]}}],"collection":[{"href":"https:\/\/www.camping-noirmoutier-frandiere.fr\/index.php?rest_route=\/wp\/v2\/pages"}],"about":[{"href":"https:\/\/www.camping-noirmoutier-frandiere.fr\/index.php?rest_route=\/wp\/v2\/types\/page"}],"author":[{"embeddable":true,"href":"https:\/\/www.camping-noirmoutier-frandiere.fr\/index.php?rest_route=\/wp\/v2\/users\/1"}],"replies":[{"embeddable":true,"href":"https:\/\/www.camping-noirmoutier-frandiere.fr\/index.php?rest_route=%2Fwp%2Fv2%2Fcomments&post=352"}],"version-history":[{"count":11,"href":"https:\/\/www.camping-noirmoutier-frandiere.fr\/index.php?rest_route=\/wp\/v2\/pages\/352\/revisions"}],"predecessor-version":[{"id":977,"href":"https:\/\/www.camping-noirmoutier-frandiere.fr\/index.php?rest_route=\/wp\/v2\/pages\/352\/revisions\/977"}],"wp:attachment":[{"href":"https:\/\/www.camping-noirmoutier-frandiere.fr\/index.php?rest_route=%2Fwp%2Fv2%2Fmedia&parent=352"}],"curies":[{"name":"wp","href":"https:\/\/api.w.org\/{rel}","templated":true}]}}