{"id":32,"date":"2013-12-26T13:20:00","date_gmt":"2013-12-26T12:20:00","guid":{"rendered":"http:\/\/www.camping-noirmoutier-frandiere.fr\/?p=32"},"modified":"2026-01-08T14:27:26","modified_gmt":"2026-01-08T13:27:26","slug":"tarifs-et-reservation","status":"publish","type":"page","link":"https:\/\/www.camping-noirmoutier-frandiere.fr\/?page_id=32","title":{"rendered":"Tarifs 2026"},"content":{"rendered":"<p><strong><a href=\"https:\/\/www.camping-noirmoutier-frandiere.fr\/wp-content\/uploads\/2013\/12\/DSC04841.jpg\"><img loading=\"lazy\" decoding=\"async\" class=\"wp-image-532 aligncenter\" src=\"https:\/\/www.camping-noirmoutier-frandiere.fr\/wp-content\/uploads\/2013\/12\/DSC04841.jpg\" alt=\"DSC04841\" width=\"742\" height=\"556\" srcset=\"https:\/\/www.camping-noirmoutier-frandiere.fr\/wp-content\/uploads\/2013\/12\/DSC04841.jpg 3648w, https:\/\/www.camping-noirmoutier-frandiere.fr\/wp-content\/uploads\/2013\/12\/DSC04841-300x225.jpg 300w, https:\/\/www.camping-noirmoutier-frandiere.fr\/wp-content\/uploads\/2013\/12\/DSC04841-1024x768.jpg 1024w\" sizes=\"auto, (max-width: 742px) 100vw, 742px\" \/><\/a><\/strong><\/p>\n<h3 style=\"text-align: center;\">\u00a0<\/h3>\n<h3><a href=\"https:\/\/www.camping-noirmoutier-frandiere.fr\/wp-content\/uploads\/2026\/01\/Tarifs-2026-Locations-Caravanes-avec-et-sans-auvent-A-la-semaine.pdf\">Tarifs 2026 &#8211; Locations &#8211; Caravanes avec et sans auvent &#8211; A la semaine<\/a><\/h3>\n<h3><a href=\"https:\/\/www.camping-noirmoutier-frandiere.fr\/wp-content\/uploads\/2026\/01\/Tarifs-2026-Locations-Caravanes-avec-et-sans-auvent-A-la-nuit.pdf\">Tarifs 2026 &#8211; Locations &#8211; Caravanes avec et sans auvent &#8211; A la nuit<\/a><\/h3>\n<h3>\u00a0<\/h3>\n<h3>\u00a0<\/h3>\n<h3><span style=\"color: #000000;\"><strong><a href=\"https:\/\/www.camping-noirmoutier-frandiere.fr\/wp-content\/uploads\/2026\/01\/Tarifs-2026-Emplacements.pdf\">Tarifs 2026 &#8211; Emplacements<\/a> <\/strong><\/span><\/h3>\n<h3>\u00a0<\/h3>\n<h3>\u00a0<\/h3>\n<h3><strong><span style=\"color: #000000;\">Pour conna\u00eetre les disponibilit\u00e9s et r\u00e9server, <\/span><\/strong><span style=\"color: #ff6600;\"><a style=\"color: #ff6600;\" title=\"Contact\" href=\"https:\/\/www.camping-noirmoutier-frandiere.fr\/?page_id=35\">contactez nous<\/a><\/span><\/h3>\n<h3>\u00a0<\/h3>\n<h3>\u00a0<\/h3>\n<address>\u00a0<\/address>\n\n\n<p><\/p>\n","protected":false},"excerpt":{"rendered":"<p>\u00a0 Tarifs 2026 &#8211; Locations &#8211; Caravanes avec et sans auvent &#8211; A la semaine Tarifs 2026 &#8211; Locations &#8211; Caravanes avec et sans auvent &#8211; A la nuit \u00a0 \u00a0 Tarifs 2026 &#8211; Emplacements \u00a0 \u00a0 Pour conna\u00eetre les disponibilit\u00e9s et r\u00e9server, contactez nous \u00a0 \u00a0 \u00a0<\/p>\n","protected":false},"author":1,"featured_media":0,"parent":0,"menu_order":0,"comment_status":"open","ping_status":"open","template":"","meta":{"footnotes":""},"class_list":["post-32","page","type-page","status-publish","hentry"],"_links":{"self":[{"href":"https:\/\/www.camping-noirmoutier-frandiere.fr\/index.php?rest_route=\/wp\/v2\/pages\/32","targetHints":{"allow":["GET"]}}],"collection":[{"href":"https:\/\/www.camping-noirmoutier-frandiere.fr\/index.php?rest_route=\/wp\/v2\/pages"}],"about":[{"href":"https:\/\/www.camping-noirmoutier-frandiere.fr\/index.php?rest_route=\/wp\/v2\/types\/page"}],"author":[{"embeddable":true,"href":"https:\/\/www.camping-noirmoutier-frandiere.fr\/index.php?rest_route=\/wp\/v2\/users\/1"}],"replies":[{"embeddable":true,"href":"https:\/\/www.camping-noirmoutier-frandiere.fr\/index.php?rest_route=%2Fwp%2Fv2%2Fcomments&post=32"}],"version-history":[{"count":111,"href":"https:\/\/www.camping-noirmoutier-frandiere.fr\/index.php?rest_route=\/wp\/v2\/pages\/32\/revisions"}],"predecessor-version":[{"id":1644,"href":"https:\/\/www.camping-noirmoutier-frandiere.fr\/index.php?rest_route=\/wp\/v2\/pages\/32\/revisions\/1644"}],"wp:attachment":[{"href":"https:\/\/www.camping-noirmoutier-frandiere.fr\/index.php?rest_route=%2Fwp%2Fv2%2Fmedia&parent=32"}],"curies":[{"name":"wp","href":"https:\/\/api.w.org\/{rel}","templated":true}]}}