{"id":227,"date":"2014-05-11T13:32:58","date_gmt":"2014-05-11T12:32:58","guid":{"rendered":"http:\/\/www.camping-noirmoutier-frandiere.fr\/?page_id=227"},"modified":"2026-01-08T13:36:29","modified_gmt":"2026-01-08T12:36:29","slug":"maison-17m2","status":"publish","type":"page","link":"https:\/\/www.camping-noirmoutier-frandiere.fr\/?page_id=227","title":{"rendered":"Le Camping dispose de 2 caravanes sans auvent"},"content":{"rendered":"\n<p class=\"has-pale-cyan-blue-color has-text-color has-link-color has-medium-font-size wp-elements-d5cc8912e719d2a2c4bddd4753939403\"><strong><em>\u00a0Menu d\u00e9roulant de la rubrique caravane sans auvent pour voir les photos<\/em><\/strong><\/p>\n\n\n\n<h3 class=\"wp-block-heading has-medium-font-size\"><span style=\"color: #000000;\"><strong><span style=\"color: #ff9900;\">2 caravanes sans auvent<\/span> <em>(caravanes 3 places)<\/em><\/strong><\/span><\/h3>\n\n\n\n<p class=\"has-medium-font-size\"><span style=\"color: #000000;\"> Caravane <strong>\u00ab\u00a0La Cl\u00e8re\u00a0\u00bb : <\/strong><em><strong>1 lit 2 places et 1 banquette convertible en lit 1 place<\/strong>, <\/em>coin cuisine, micro-ondes, cafeti\u00e8re \u00e9lectrique, r\u00e9frig\u00e9rateur, vaisselle, table et chaises \u00e0 l&rsquo;ext\u00e9rieur, parasol&#8230;<\/span><\/p>\n\n\n\n<p class=\"has-medium-font-size\"><span style=\"color: #000000;\">Caravane <strong>\u00ab\u00a0Les Crevettes\u00a0\u00bb : <\/strong><em><strong>1 lit 2 places et 1 banquette convertible en lit 1 place<\/strong>, <\/em>coin cuisine, micro-ondes, cafeti\u00e8re \u00e9lectrique, r\u00e9frig\u00e9rateur, vaisselle, table et chaises \u00e0 l&rsquo;ext\u00e9rieur, parasol&#8230;<\/span><\/p>\n\n\n\n<p><\/p>\n","protected":false},"excerpt":{"rendered":"<p>\u00a0Menu d\u00e9roulant de la rubrique caravane sans auvent pour voir les photos 2 caravanes sans auvent (caravanes 3 places) Caravane \u00ab\u00a0La Cl\u00e8re\u00a0\u00bb : 1 lit 2 places et 1 banquette convertible en lit 1 place, coin cuisine, micro-ondes, cafeti\u00e8re \u00e9lectrique, r\u00e9frig\u00e9rateur, vaisselle, table et chaises \u00e0 l&rsquo;ext\u00e9rieur, parasol&#8230; Caravane \u00ab\u00a0Les Crevettes\u00a0\u00bb : 1 lit 2 [&hellip;]<\/p>\n","protected":false},"author":1,"featured_media":0,"parent":0,"menu_order":0,"comment_status":"open","ping_status":"open","template":"","meta":{"footnotes":""},"class_list":["post-227","page","type-page","status-publish","hentry"],"_links":{"self":[{"href":"https:\/\/www.camping-noirmoutier-frandiere.fr\/index.php?rest_route=\/wp\/v2\/pages\/227","targetHints":{"allow":["GET"]}}],"collection":[{"href":"https:\/\/www.camping-noirmoutier-frandiere.fr\/index.php?rest_route=\/wp\/v2\/pages"}],"about":[{"href":"https:\/\/www.camping-noirmoutier-frandiere.fr\/index.php?rest_route=\/wp\/v2\/types\/page"}],"author":[{"embeddable":true,"href":"https:\/\/www.camping-noirmoutier-frandiere.fr\/index.php?rest_route=\/wp\/v2\/users\/1"}],"replies":[{"embeddable":true,"href":"https:\/\/www.camping-noirmoutier-frandiere.fr\/index.php?rest_route=%2Fwp%2Fv2%2Fcomments&post=227"}],"version-history":[{"count":27,"href":"https:\/\/www.camping-noirmoutier-frandiere.fr\/index.php?rest_route=\/wp\/v2\/pages\/227\/revisions"}],"predecessor-version":[{"id":1621,"href":"https:\/\/www.camping-noirmoutier-frandiere.fr\/index.php?rest_route=\/wp\/v2\/pages\/227\/revisions\/1621"}],"wp:attachment":[{"href":"https:\/\/www.camping-noirmoutier-frandiere.fr\/index.php?rest_route=%2Fwp%2Fv2%2Fmedia&parent=227"}],"curies":[{"name":"wp","href":"https:\/\/api.w.org\/{rel}","templated":true}]}}