{"id":100,"date":"2014-05-02T13:59:19","date_gmt":"2014-05-02T12:59:19","guid":{"rendered":"http:\/\/www.camping-noirmoutier-frandiere.fr\/?page_id=100"},"modified":"2024-01-20T16:24:29","modified_gmt":"2024-01-20T15:24:29","slug":"noirmoutier","status":"publish","type":"page","link":"https:\/\/www.camping-noirmoutier-frandiere.fr\/?page_id=100","title":{"rendered":"Noirmoutier"},"content":{"rendered":"<p><a href=\"https:\/\/www.camping-noirmoutier-frandiere.fr\/wp-content\/uploads\/2014\/05\/DSC04079.jpg\"><img loading=\"lazy\" decoding=\"async\" class=\"wp-image-372 aligncenter\" src=\"https:\/\/www.camping-noirmoutier-frandiere.fr\/wp-content\/uploads\/2014\/05\/DSC04079.jpg\" alt=\"DSC04079\" width=\"768\" height=\"576\" srcset=\"https:\/\/www.camping-noirmoutier-frandiere.fr\/wp-content\/uploads\/2014\/05\/DSC04079.jpg 3648w, https:\/\/www.camping-noirmoutier-frandiere.fr\/wp-content\/uploads\/2014\/05\/DSC04079-300x225.jpg 300w, https:\/\/www.camping-noirmoutier-frandiere.fr\/wp-content\/uploads\/2014\/05\/DSC04079-1024x768.jpg 1024w\" sizes=\"auto, (max-width: 768px) 100vw, 768px\" \/><\/a><\/p>\n<h3><span style=\"color: #000000;\">Vous trouverez dans les sous menus \u00ab\u00a0Noirmoutier\u00a0\u00bb les photos de la plage qui se situe \u00e0 450 m du camping ainsi que des photos\u00a0de l&rsquo;ensemble de l&rsquo;\u00eele de Noirmoutier<strong>.<\/strong><\/span><\/h3>\n<h3><\/h3>\n<h3><span style=\"color: #000000;\">Toutes ces photos ont \u00e9t\u00e9 prises sur l&rsquo;\u00eele de Noirmoutier\u00a0lors de nos ballades \u00e0 pied ou \u00e0 v\u00e9lo<strong>.<\/strong><\/span><\/h3>\n","protected":false},"excerpt":{"rendered":"<p>Vous trouverez dans les sous menus \u00ab\u00a0Noirmoutier\u00a0\u00bb les photos de la plage qui se situe \u00e0 450 m du camping ainsi que des photos\u00a0de l&rsquo;ensemble de l&rsquo;\u00eele de Noirmoutier. Toutes ces photos ont \u00e9t\u00e9 prises sur l&rsquo;\u00eele de Noirmoutier\u00a0lors de nos ballades \u00e0 pied ou \u00e0 v\u00e9lo.<\/p>\n","protected":false},"author":1,"featured_media":0,"parent":0,"menu_order":0,"comment_status":"open","ping_status":"open","template":"","meta":{"footnotes":""},"class_list":["post-100","page","type-page","status-publish","hentry"],"_links":{"self":[{"href":"https:\/\/www.camping-noirmoutier-frandiere.fr\/index.php?rest_route=\/wp\/v2\/pages\/100","targetHints":{"allow":["GET"]}}],"collection":[{"href":"https:\/\/www.camping-noirmoutier-frandiere.fr\/index.php?rest_route=\/wp\/v2\/pages"}],"about":[{"href":"https:\/\/www.camping-noirmoutier-frandiere.fr\/index.php?rest_route=\/wp\/v2\/types\/page"}],"author":[{"embeddable":true,"href":"https:\/\/www.camping-noirmoutier-frandiere.fr\/index.php?rest_route=\/wp\/v2\/users\/1"}],"replies":[{"embeddable":true,"href":"https:\/\/www.camping-noirmoutier-frandiere.fr\/index.php?rest_route=%2Fwp%2Fv2%2Fcomments&post=100"}],"version-history":[{"count":9,"href":"https:\/\/www.camping-noirmoutier-frandiere.fr\/index.php?rest_route=\/wp\/v2\/pages\/100\/revisions"}],"predecessor-version":[{"id":1327,"href":"https:\/\/www.camping-noirmoutier-frandiere.fr\/index.php?rest_route=\/wp\/v2\/pages\/100\/revisions\/1327"}],"wp:attachment":[{"href":"https:\/\/www.camping-noirmoutier-frandiere.fr\/index.php?rest_route=%2Fwp%2Fv2%2Fmedia&parent=100"}],"curies":[{"name":"wp","href":"https:\/\/api.w.org\/{rel}","templated":true}]}}